{"id":1733,"date":"2026-04-08T17:00:50","date_gmt":"2026-04-08T17:00:50","guid":{"rendered":"https:\/\/www.gensdatapro.nl\/ngvgdp\/?page_id=1733"},"modified":"2026-04-10T19:25:03","modified_gmt":"2026-04-10T19:25:03","slug":"bestanden-samenvoegen-splitsen","status":"publish","type":"page","link":"https:\/\/www.gensdatapro.nl\/ngvgdp\/veelgestelde-vragen\/bestanden-samenvoegen-splitsen\/","title":{"rendered":"Items samenvoegen \/ splitsen"},"content":{"rendered":"\n<p>Deze pagina is in ontwikkeling<\/p>\n\n\n<div ><style>#sp-ea-1732 .spcollapsing { height: 0; overflow: hidden; transition-property: height;transition-duration: 300ms;}#sp-ea-1732.sp-easy-accordion>.sp-ea-single {margin-bottom: 10px; border: 1px solid #e2e2e2; }#sp-ea-1732.sp-easy-accordion>.sp-ea-single>.ea-header a {color: #444;}#sp-ea-1732.sp-easy-accordion>.sp-ea-single>.sp-collapse>.ea-body {background: #fff; color: #444;}#sp-ea-1732.sp-easy-accordion>.sp-ea-single {background: #eee;}#sp-ea-1732.sp-easy-accordion>.sp-ea-single>.ea-header a .ea-expand-icon { float: left; color: #444;font-size: 16px;}<\/style><div id=\"sp_easy_accordion-1775667028\"><div id=\"sp-ea-1732\" class=\"sp-ea-one sp-easy-accordion\" data-ea-active=\"ea-click\" data-ea-mode=\"vertical\" data-preloader=\"\" data-scroll-active-item=\"\" data-offset-to-scroll=\"0\"><div class=\"ea-card sp-ea-single\"><h3 class=\"ea-header\"><a class=\"collapsed\" id=\"ea-header-17320\" role=\"button\" data-sptoggle=\"spcollapse\" data-sptarget=\"#collapse17320\" aria-controls=\"collapse17320\" href=\"#\" aria-expanded=\"false\" tabindex=\"0\"><i aria-hidden=\"true\" role=\"presentation\" class=\"ea-expand-icon eap-icon-ea-expand-plus\"><\/i> Hoe verwijder ik een .GD3 bestand<\/a><\/h3><div class=\"sp-collapse spcollapse spcollapse\" id=\"collapse17320\" data-parent=\"#sp-ea-1732\" role=\"region\" aria-labelledby=\"ea-header-17320\"> <div class=\"ea-body\"><p>Aangemaakte .GD3 bestanden kun je verwijderen door in GensDataPro te gaan naar \u2018Bestand \u2013 Open GD3 bestand\u2019 en daarna het betreffende bestand te selecteren en dan de \u2018delete\u2019 knop van uw toetsenbord gebruiken.<\/p><\/div><\/div><\/div><div class=\"ea-card sp-ea-single\"><h3 class=\"ea-header\"><a class=\"collapsed\" id=\"ea-header-17321\" role=\"button\" data-sptoggle=\"spcollapse\" data-sptarget=\"#collapse17321\" aria-controls=\"collapse17321\" href=\"#\" aria-expanded=\"false\" tabindex=\"0\"><i aria-hidden=\"true\" role=\"presentation\" class=\"ea-expand-icon eap-icon-ea-expand-plus\"><\/i> Bestanden samenvoegen<\/a><\/h3><div class=\"sp-collapse spcollapse spcollapse\" id=\"collapse17321\" data-parent=\"#sp-ea-1732\" role=\"region\" aria-labelledby=\"ea-header-17321\"> <div class=\"ea-body\"><p>Het is zonder meer mogelijk om bestanden samen te voegen. Je maakt eerst even een backup van beide bestanden.<br \/>Om veel dubbele plaatsen te voorkomen ga je eerst bij het toe te voegen bestand de ongebruikte plaatsen verwijderen.<\/p><ol><li>Open het toe te voegen bestand<\/li><li>Kies onder [Bewerkhandelingen] \u2013 [Plaatsen] voor [Verwijder ongebruikte plaatsen]<\/li><li>Kies onder [Bewerkhandelingen] \u2013 [Plaatsen] voor [Verwijder lege plaatsrecords definitief]<br \/>Deze optie schuift alle plaatsen op, zodat je een compactere plaatstabel krijgt. Alle plaatsverwijzingen in alle tabellen wijzigen dus.<br \/>NB: Deze optie voert eerst een controle uit op foutieve plaatsverwijzingen. Indien die worden aangetroffen, wordt de handeling geannuleerd. U dient dan eerst de foutieve plaatsverwijzingen te corrigeren.<\/li><\/ol><div>Hierna voeg je beide bestanden samen via &#8216;Bestand &#8211; Samenvoegen &#8211; Voeg samen met GD3 bestand.<br \/>Hiermee voeg je het openstaande bestand samen met een door je aan te wijzen bestand. Het resultaat wordt een nieuw bestand. De dossiers van beide bestanden worden bij dit samenvoegen automatisch meegenomen zoals je aangeeft in het schermpje wat opkomt.<\/div><div>Het samenvoegen is sinds versie <strong>3.0.4.6 <\/strong>(d.d. 7-4-2022) sterk vereenvoudigd.<\/div><\/div><\/div><\/div><div class=\"ea-card sp-ea-single\"><h3 class=\"ea-header\"><a class=\"collapsed\" id=\"ea-header-17322\" role=\"button\" data-sptoggle=\"spcollapse\" data-sptarget=\"#collapse17322\" aria-controls=\"collapse17322\" href=\"#\" aria-expanded=\"false\" tabindex=\"0\"><i aria-hidden=\"true\" role=\"presentation\" class=\"ea-expand-icon eap-icon-ea-expand-plus\"><\/i> Hoe voeg ik twee (overeenkomende) personen samen<\/a><\/h3><div class=\"sp-collapse spcollapse spcollapse\" id=\"collapse17322\" data-parent=\"#sp-ea-1732\" role=\"region\" aria-labelledby=\"ea-header-17322\"> <div class=\"ea-body\"><p>Personen (of bronnen of relaties) die dubbele aanwezig zijn voeg je samen tot \u00e9\u00e9n, door de ene links en de ander rechts te zetten, en vervolgens onder [combinatiehandelingen] te kiezen voor &#8220;voeg personen samen tot \u00e9\u00e9n&#8221;. (We noemen dit samenvoegen van twee personen tot \u00e9\u00e9n <i>&#8220;ontdubbelen&#8221;<\/i>)<br \/>Dat gaat het makkelijkst wanneer de optie om het rechter scherm voor kinderen te gebruiken uit staat.<br \/>Wanneer je dit <img loading=\"lazy\" decoding=\"async\" class=\"alignnone wp-image-1743\" src=\"https:\/\/www.gensdatapro.nl\/ngvgdp\/wp-content\/uploads\/\/2026\/04\/H030-13.jpg\" alt=\"\" width=\"39\" height=\"34\" \/> knopje in de knoppenbalk ziet, klik dit dan liever, zodat het plaatsmaakt voor dit <img loading=\"lazy\" decoding=\"async\" class=\"alignnone wp-image-1745\" src=\"https:\/\/www.gensdatapro.nl\/ngvgdp\/wp-content\/uploads\/\/2026\/04\/H030-12.jpg\" alt=\"\" width=\"35\" height=\"30\" \/> knopje. Nu kun je de inhoud van het rechter scherm zelf bepalen.<br \/>Vervolgens zoek je de ene persoon op (met bijvoorbeeld CTRL-F), en plaats je hem of haar in het rechter scherm (door er met de rechtermuisknop op te klikken).<br \/>Daarna zoek je de andere persoon op en plaatst hem links<br \/>Kies [Combinatiehandelingen], &#8220;Voeg personen samen tot een&#8221;. Je krijgt nog een waarschuwing dat je de handeling niet ongedaan kunt maken. Indien de persoon is gehuwd komen de beide partners nu in beeld. Zijn deze ook gelijk dan herhaal je de handeling. Tot slot komt dan de vraag of de relaties ook moeten worden samengevoegd.<br \/>De gegevens van de persoon links zijn het belangrijkst. Gegevens van de persoon rechts die niet overeenkomen met de gegevens van de persoon links, komen in de opmerkingen van de resulterende (samengevoegde) persoon.<br \/>Alle activiteiten en bronnen van de persoon rechts gaan mee naar de persoon links.<br \/>We raden aan om met de blokjes in beeld te werken. Dan is direct duidelijk of er ook ouders of partners ontdubbeld moeten worden.<br \/>Om snel beide personen met hun families in beeld te krijgen handel je als volgt:<\/p><ol><li>Eerst zet je \u00e9\u00e9n van beide personen links, en klik <img loading=\"lazy\" decoding=\"async\" class=\"alignnone wp-image-1746\" src=\"https:\/\/www.gensdatapro.nl\/ngvgdp\/wp-content\/uploads\/\/2026\/04\/H030-1.jpg\" alt=\"\" width=\"35\" height=\"31\" \/> . (de nabije familie verschijnt nu beneden)<\/li><li>Eventueel klik je dat je de tekst volledig in de blokjes wilt met <img loading=\"lazy\" decoding=\"async\" class=\"alignnone wp-image-1747\" src=\"https:\/\/www.gensdatapro.nl\/ngvgdp\/wp-content\/uploads\/\/2026\/04\/H030-3.jpg\" alt=\"\" width=\"102\" height=\"25\" \/>.<\/li><li>Dan wissel je de personen links en rechts met de knop <img loading=\"lazy\" decoding=\"async\" class=\"alignnone wp-image-1748\" src=\"https:\/\/www.gensdatapro.nl\/ngvgdp\/wp-content\/uploads\/\/2026\/04\/H030-11.jpg\" alt=\"\" width=\"35\" height=\"30\" \/>.<\/li><li>Zet nu de andere persoon links (misschien staat die er al).<\/li><li>Tenslotte klik je <img loading=\"lazy\" decoding=\"async\" class=\"alignnone wp-image-1749\" src=\"https:\/\/www.gensdatapro.nl\/ngvgdp\/wp-content\/uploads\/\/2026\/04\/H030-2.jpg\" alt=\"\" width=\"35\" height=\"31\" \/>. Let op, dit is het <i>tweede<\/i> knopje op de knoppenbalk: voeg nabije familie <i>toe<\/i>.<\/li><\/ol><\/div><\/div><\/div><div class=\"ea-card sp-ea-single\"><h3 class=\"ea-header\"><a class=\"collapsed\" id=\"ea-header-17323\" role=\"button\" data-sptoggle=\"spcollapse\" data-sptarget=\"#collapse17323\" aria-controls=\"collapse17323\" href=\"#\" aria-expanded=\"false\" tabindex=\"0\"><i aria-hidden=\"true\" role=\"presentation\" class=\"ea-expand-icon eap-icon-ea-expand-plus\"><\/i> Hoe voeg ik twee dezelfde bronnen samen<\/a><\/h3><div class=\"sp-collapse spcollapse spcollapse\" id=\"collapse17323\" data-parent=\"#sp-ea-1732\" role=\"region\" aria-labelledby=\"ea-header-17323\"> <div class=\"ea-body\"><p>Plaats de ene bron in het linker bovenscherm, de andere bron met een rechtermuisklik in het rechter bovenscherm. Kies [Combinatiehandelingen], &#8220;Voeg bronnen samen tot een&#8221;. Je krijgt een waarschuwing dat je dit niet ongedaan kunt maken. De koppelingen naar de bron rechts in beeld worden nu overgeheveld en toegevoegd aan de bron links.<\/p><\/div><\/div><\/div><div class=\"ea-card sp-ea-single\"><h3 class=\"ea-header\"><a class=\"collapsed\" id=\"ea-header-17324\" role=\"button\" data-sptoggle=\"spcollapse\" data-sptarget=\"#collapse17324\" aria-controls=\"collapse17324\" href=\"#\" aria-expanded=\"false\" tabindex=\"0\"><i aria-hidden=\"true\" role=\"presentation\" class=\"ea-expand-icon eap-icon-ea-expand-plus\"><\/i> Hoe voeg ik twee dezelfde adressen (objecten) samen<\/a><\/h3><div class=\"sp-collapse spcollapse spcollapse\" id=\"collapse17324\" data-parent=\"#sp-ea-1732\" role=\"region\" aria-labelledby=\"ea-header-17324\"> <div class=\"ea-body\"><p>Plaats het ene adres in het linker bovenscherm, het andere adres met een rechtermuisklik in het rechter bovenscherm. Kies [Combinatiehandelingen], &#8220;Voeg objecten samen tot een&#8221;. Je krijgt een waarschuwing dat je dit niet ongedaan kunt maken. De koppelingen naar het adres rechts in beeld worden nu overgeheveld en toegevoegd aan het adres links.<\/p><\/div><\/div><\/div><div class=\"ea-card sp-ea-single\"><h3 class=\"ea-header\"><a class=\"collapsed\" id=\"ea-header-17325\" role=\"button\" data-sptoggle=\"spcollapse\" data-sptarget=\"#collapse17325\" aria-controls=\"collapse17325\" href=\"#\" aria-expanded=\"false\" tabindex=\"0\"><i aria-hidden=\"true\" role=\"presentation\" class=\"ea-expand-icon eap-icon-ea-expand-plus\"><\/i> Hoe maak ik een deelbestandenset<\/a><\/h3><div class=\"sp-collapse spcollapse spcollapse\" id=\"collapse17325\" data-parent=\"#sp-ea-1732\" role=\"region\" aria-labelledby=\"ea-header-17325\"> <div class=\"ea-body\"><p>Maak met het selectiescherm een selectie.<br \/>Bijvoorbeeld:<\/p><ul><li>Zoek eerst een stamvader op, plaats die in het linkerscherm, toets [CTRL-Q], vink in het selectiescherm &#8220;Parenteel&#8221; aan, en klik &#8220;nieuwe selectie&#8221;.<\/li><li>Zoek eerst een kleinkind op, plaats die in het linkerscherm, toets [CTRL-Q], vink in het selectiescherm &#8220;kwartierstaat&#8221; aan, en klik &#8220;nieuwe selectie&#8221;.<\/li><\/ul><p>Omdat bij het maken van een selectie op Parenteel of Genealogie de schoonouders niet mee komen, kun je er voor kiezen om onder het menu [Opties] het item &#8220;Groei selectie \u00e9\u00e9n stap&#8221; aan te klikken. Van alle personen in de selectie worden dan de ouders, relaties en kinderen mee opgenomen in de selectie.<br \/>(Doet u dit dus oneindig vaak, dan selecteer je beetje bij beetje alle personen).<\/p><p>Je hebt nu de selectie waarvan je een deelbestand wilt maken.<br \/>Indien je de persoonstabel beneden in beeld hebt, zie je linksonder in je scherm hoe groot je selectie is: 345\/5789 betekent dat uit een totaalbestand van 5789 personen er nu 345 personen in de selectie zitten.<br \/>Kies het menu [Bestand], &#8220;Opslaan huidige selectie als GD3 bestand&#8221;.<br \/>Wanneer er dossiers (foto&#8217;s e.d.) aanwezig zijn, wordt gevraagd of je de dossiers wilt meenemen.<br \/><img loading=\"lazy\" decoding=\"async\" class=\"alignnone size-full wp-image-1750\" src=\"https:\/\/www.gensdatapro.nl\/ngvgdp\/wp-content\/uploads\/\/2026\/04\/deelbestand.jpg\" alt=\"\" width=\"342\" height=\"345\" srcset=\"https:\/\/www.gensdatapro.nl\/ngvgdp\/wp-content\/uploads\/2026\/04\/deelbestand.jpg 342w, https:\/\/www.gensdatapro.nl\/ngvgdp\/wp-content\/uploads\/2026\/04\/deelbestand-297x300.jpg 297w, https:\/\/www.gensdatapro.nl\/ngvgdp\/wp-content\/uploads\/2026\/04\/deelbestand-150x150.jpg 150w, https:\/\/www.gensdatapro.nl\/ngvgdp\/wp-content\/uploads\/2026\/04\/deelbestand-198x200.jpg 198w\" sizes=\"auto, (max-width: 342px) 100vw, 342px\" \/><\/p><p>Daarna kun je aangeven waar je het bestand neer wilt zetten en welke naam het moet krijgen. Je kunt het bestand in de map datagd1 neerzetten of een submap hiervan. Geef het deelbestand een nieuwe naam, bijvoorbeeld &#8220;selectie&#8221;.<\/p><p>Het deelbestand wordt automatisch geopend.<\/p><\/div><\/div><\/div><div class=\"ea-card sp-ea-single\"><h3 class=\"ea-header\"><a class=\"collapsed\" id=\"ea-header-17326\" role=\"button\" data-sptoggle=\"spcollapse\" data-sptarget=\"#collapse17326\" aria-controls=\"collapse17326\" href=\"#\" aria-expanded=\"false\" tabindex=\"0\"><i aria-hidden=\"true\" role=\"presentation\" class=\"ea-expand-icon eap-icon-ea-expand-plus\"><\/i> Hoe maak ik een GedCombestand van een deel van het bestand<\/a><\/h3><div class=\"sp-collapse spcollapse spcollapse\" id=\"collapse17326\" data-parent=\"#sp-ea-1732\" role=\"region\" aria-labelledby=\"ea-header-17326\"> <div class=\"ea-body\"><p>GensDataPro kent niet de mogelijkheid om direct een GedCombestand van een selectie te maken waarin ook de dossiers worden opgenomen.<br \/>Maak dus eerst een deelbestand, zoals beschreven in <a href=\"R080.HTM\"><b>Hoe maak ik een deelbestand<\/b><\/a>.<br \/>Open daarna dit deelbestand en exporteer dit deelbestand naar GedCom zoals beschreven staat in <a href=\"A060.htm\"><b>Exporteren van een GedCom bestand<\/b><\/a>.<\/p><p>Als u geen dossiers heeft of deze niet in de gedcom wilt opnemen maakt u met het selectiescherm een selectie.<br \/>Bijvoorbeeld:<\/p><ul><li>Zoek eerst een stamvader op, plaats die in het linkerscherm, toets [CTRL-Q], vink in het selectiescherm &#8220;Parenteel&#8221; aan, en klik &#8220;nieuwe selectie&#8221;.<\/li><li>Zoek eerst een kleinkind op, plaats die in het linkerscherm, toets [CTRL-Q], vink in het selectiescherm &#8220;kwartierstaat&#8221; aan, en klik &#8220;nieuwe selectie&#8221;.<\/li><\/ul><p>Omdat bij het maken van een selectie op Parenteel of Genealogie de schoonouders niet mee komen, kunt u er voor kiezen om onder het menu [Opties] het item &#8220;Groei selectie \u00e9\u00e9n stap&#8221; aan te klikken. Van alle personen in de selectie worden dan de ouders, relaties en kinderen mee opgenomen in de selectie.<br \/>(Doet u dit dus oneindig vaak, dan selecteert u beetje bij beetje alle personen).<\/p><p>U heeft nu de gewenste selectie en u kiest vervolgens voor [Bestand] \u2013 [Export] \u2013 [Gedcom van selectie].<\/p><\/div><\/div><\/div><div class=\"ea-card sp-ea-single\"><h3 class=\"ea-header\"><a class=\"collapsed\" id=\"ea-header-17327\" role=\"button\" data-sptoggle=\"spcollapse\" data-sptarget=\"#collapse17327\" aria-controls=\"collapse17327\" href=\"#\" aria-expanded=\"false\" tabindex=\"0\"><i aria-hidden=\"true\" role=\"presentation\" class=\"ea-expand-icon eap-icon-ea-expand-plus\"><\/i> Hoe haal ik foto&#8217;s van een deelbestandenset te voorschijn<\/a><\/h3><div class=\"sp-collapse spcollapse spcollapse\" id=\"collapse17327\" data-parent=\"#sp-ea-1732\" role=\"region\" aria-labelledby=\"ea-header-17327\"> <div class=\"ea-body\"><p>Na het maken van een deelbestand, of het openen van een GedCombestand met foto&#8217;s of het samenvoegen van 2 bestanden met foto&#8217;s, heb je als het goed is &#8220;dossiers in opmerkingen&#8221;.<br \/>Om deze dossiers echt tevoorschijn te halen, handelt u als volgt:<\/p><ul><li>Kies onder [Bestand] voor &#8220;Importeer foto\u2019s vanuit opmerkingen&#8221;.<\/li><li>De dossiermap wordt automatisch aangemaakt.<\/li><li>Je <i>kunt<\/i> nog aangeven dat de nieuwe foto&#8217;s in een aparte map binnen de dossiermap moeten komen in het scherm wat vraagt waar de foto&#8217;s terecht moeten komen.<\/li><li>Klik op OK.<\/li><\/ul><p>Nu worden alle documenten die vermeld werden in de opmerkingen gekopieerd naar de nieuwe locatie. Dit kan even duren: alle foto&#8217;s weorden immers gekopieerd.<br \/>Foto&#8217;s die niet aangetroffen worden blijven in de opmerking staan als &#8220;onzichtbare&#8221; teksts (tussen [[ en ]]), en worden gemeld in het log-scherm. &lt;!&#8211;<img decoding=\"async\" src=\"schermen\/xxx.jpg\" \/>&#8211;&gt;<\/p><p>Tot aan versie <strong>3.0.5.9:<\/strong> 15-2-2023<\/p><\/div><\/div><\/div><\/div><\/div><\/div>","protected":false},"excerpt":{"rendered":"<p>Deze pagina is in ontwikkeling<\/p>\n","protected":false},"author":3,"featured_media":0,"parent":274,"menu_order":0,"comment_status":"closed","ping_status":"closed","template":"","meta":{"footnotes":""},"class_list":["post-1733","page","type-page","status-publish","hentry"],"yoast_head":"<!-- This site is optimized with the Yoast SEO plugin v27.3 - https:\/\/yoast.com\/product\/yoast-seo-wordpress\/ -->\n<title>Items samenvoegen \/ splitsen - NGV GensDataPro<\/title>\n<meta name=\"robots\" content=\"index, follow, max-snippet:-1, max-image-preview:large, max-video-preview:-1\" \/>\n<link rel=\"canonical\" href=\"https:\/\/www.gensdatapro.nl\/ngvgdp\/veelgestelde-vragen\/bestanden-samenvoegen-splitsen\/\" \/>\n<meta property=\"og:locale\" content=\"nl_NL\" \/>\n<meta property=\"og:type\" content=\"article\" \/>\n<meta property=\"og:title\" content=\"Items samenvoegen \/ splitsen - NGV GensDataPro\" \/>\n<meta property=\"og:description\" content=\"Deze pagina is in ontwikkeling\" \/>\n<meta property=\"og:url\" content=\"https:\/\/www.gensdatapro.nl\/ngvgdp\/veelgestelde-vragen\/bestanden-samenvoegen-splitsen\/\" \/>\n<meta property=\"og:site_name\" content=\"NGV GensDataPro\" \/>\n<meta property=\"article:modified_time\" content=\"2026-04-10T19:25:03+00:00\" \/>\n<meta name=\"twitter:card\" content=\"summary_large_image\" \/>\n<meta name=\"twitter:label1\" content=\"Geschatte leestijd\" \/>\n\t<meta name=\"twitter:data1\" content=\"1 minuut\" \/>\n<script type=\"application\/ld+json\" class=\"yoast-schema-graph\">{\"@context\":\"https:\\\/\\\/schema.org\",\"@graph\":[{\"@type\":\"WebPage\",\"@id\":\"https:\\\/\\\/www.gensdatapro.nl\\\/ngvgdp\\\/veelgestelde-vragen\\\/bestanden-samenvoegen-splitsen\\\/\",\"url\":\"https:\\\/\\\/www.gensdatapro.nl\\\/ngvgdp\\\/veelgestelde-vragen\\\/bestanden-samenvoegen-splitsen\\\/\",\"name\":\"Items samenvoegen \\\/ splitsen - NGV GensDataPro\",\"isPartOf\":{\"@id\":\"https:\\\/\\\/www.gensdatapro.nl\\\/ngvgdp\\\/#website\"},\"datePublished\":\"2026-04-08T17:00:50+00:00\",\"dateModified\":\"2026-04-10T19:25:03+00:00\",\"breadcrumb\":{\"@id\":\"https:\\\/\\\/www.gensdatapro.nl\\\/ngvgdp\\\/veelgestelde-vragen\\\/bestanden-samenvoegen-splitsen\\\/#breadcrumb\"},\"inLanguage\":\"nl-NL\",\"potentialAction\":[{\"@type\":\"ReadAction\",\"target\":[\"https:\\\/\\\/www.gensdatapro.nl\\\/ngvgdp\\\/veelgestelde-vragen\\\/bestanden-samenvoegen-splitsen\\\/\"]}]},{\"@type\":\"BreadcrumbList\",\"@id\":\"https:\\\/\\\/www.gensdatapro.nl\\\/ngvgdp\\\/veelgestelde-vragen\\\/bestanden-samenvoegen-splitsen\\\/#breadcrumb\",\"itemListElement\":[{\"@type\":\"ListItem\",\"position\":1,\"name\":\"Home\",\"item\":\"https:\\\/\\\/www.gensdatapro.nl\\\/ngvgdp\\\/\"},{\"@type\":\"ListItem\",\"position\":2,\"name\":\"Veelgestelde vragen\",\"item\":\"https:\\\/\\\/www.gensdatapro.nl\\\/ngvgdp\\\/veelgestelde-vragen\\\/\"},{\"@type\":\"ListItem\",\"position\":3,\"name\":\"Items samenvoegen \\\/ splitsen\"}]},{\"@type\":\"WebSite\",\"@id\":\"https:\\\/\\\/www.gensdatapro.nl\\\/ngvgdp\\\/#website\",\"url\":\"https:\\\/\\\/www.gensdatapro.nl\\\/ngvgdp\\\/\",\"name\":\"NGV GensDataPro\",\"description\":\"\",\"publisher\":{\"@id\":\"https:\\\/\\\/www.gensdatapro.nl\\\/ngvgdp\\\/#organization\"},\"potentialAction\":[{\"@type\":\"SearchAction\",\"target\":{\"@type\":\"EntryPoint\",\"urlTemplate\":\"https:\\\/\\\/www.gensdatapro.nl\\\/ngvgdp\\\/?s={search_term_string}\"},\"query-input\":{\"@type\":\"PropertyValueSpecification\",\"valueRequired\":true,\"valueName\":\"search_term_string\"}}],\"inLanguage\":\"nl-NL\"},{\"@type\":\"Organization\",\"@id\":\"https:\\\/\\\/www.gensdatapro.nl\\\/ngvgdp\\\/#organization\",\"name\":\"NGV GensDataPro\",\"url\":\"https:\\\/\\\/www.gensdatapro.nl\\\/ngvgdp\\\/\",\"logo\":{\"@type\":\"ImageObject\",\"inLanguage\":\"nl-NL\",\"@id\":\"https:\\\/\\\/www.gensdatapro.nl\\\/ngvgdp\\\/#\\\/schema\\\/logo\\\/image\\\/\",\"url\":\"https:\\\/\\\/www.gensdatapro.nl\\\/ngvgdp\\\/wp-content\\\/uploads\\\/\\\/2022\\\/03\\\/logo-1024x541-1-e1662650397792.png\",\"contentUrl\":\"https:\\\/\\\/www.gensdatapro.nl\\\/ngvgdp\\\/wp-content\\\/uploads\\\/\\\/2022\\\/03\\\/logo-1024x541-1-e1662650397792.png\",\"width\":512,\"height\":271,\"caption\":\"NGV GensDataPro\"},\"image\":{\"@id\":\"https:\\\/\\\/www.gensdatapro.nl\\\/ngvgdp\\\/#\\\/schema\\\/logo\\\/image\\\/\"}}]}<\/script>\n<!-- \/ Yoast SEO plugin. -->","yoast_head_json":{"title":"Items samenvoegen \/ splitsen - NGV GensDataPro","robots":{"index":"index","follow":"follow","max-snippet":"max-snippet:-1","max-image-preview":"max-image-preview:large","max-video-preview":"max-video-preview:-1"},"canonical":"https:\/\/www.gensdatapro.nl\/ngvgdp\/veelgestelde-vragen\/bestanden-samenvoegen-splitsen\/","og_locale":"nl_NL","og_type":"article","og_title":"Items samenvoegen \/ splitsen - NGV GensDataPro","og_description":"Deze pagina is in ontwikkeling","og_url":"https:\/\/www.gensdatapro.nl\/ngvgdp\/veelgestelde-vragen\/bestanden-samenvoegen-splitsen\/","og_site_name":"NGV GensDataPro","article_modified_time":"2026-04-10T19:25:03+00:00","twitter_card":"summary_large_image","twitter_misc":{"Geschatte leestijd":"1 minuut"},"schema":{"@context":"https:\/\/schema.org","@graph":[{"@type":"WebPage","@id":"https:\/\/www.gensdatapro.nl\/ngvgdp\/veelgestelde-vragen\/bestanden-samenvoegen-splitsen\/","url":"https:\/\/www.gensdatapro.nl\/ngvgdp\/veelgestelde-vragen\/bestanden-samenvoegen-splitsen\/","name":"Items samenvoegen \/ splitsen - NGV GensDataPro","isPartOf":{"@id":"https:\/\/www.gensdatapro.nl\/ngvgdp\/#website"},"datePublished":"2026-04-08T17:00:50+00:00","dateModified":"2026-04-10T19:25:03+00:00","breadcrumb":{"@id":"https:\/\/www.gensdatapro.nl\/ngvgdp\/veelgestelde-vragen\/bestanden-samenvoegen-splitsen\/#breadcrumb"},"inLanguage":"nl-NL","potentialAction":[{"@type":"ReadAction","target":["https:\/\/www.gensdatapro.nl\/ngvgdp\/veelgestelde-vragen\/bestanden-samenvoegen-splitsen\/"]}]},{"@type":"BreadcrumbList","@id":"https:\/\/www.gensdatapro.nl\/ngvgdp\/veelgestelde-vragen\/bestanden-samenvoegen-splitsen\/#breadcrumb","itemListElement":[{"@type":"ListItem","position":1,"name":"Home","item":"https:\/\/www.gensdatapro.nl\/ngvgdp\/"},{"@type":"ListItem","position":2,"name":"Veelgestelde vragen","item":"https:\/\/www.gensdatapro.nl\/ngvgdp\/veelgestelde-vragen\/"},{"@type":"ListItem","position":3,"name":"Items samenvoegen \/ splitsen"}]},{"@type":"WebSite","@id":"https:\/\/www.gensdatapro.nl\/ngvgdp\/#website","url":"https:\/\/www.gensdatapro.nl\/ngvgdp\/","name":"NGV GensDataPro","description":"","publisher":{"@id":"https:\/\/www.gensdatapro.nl\/ngvgdp\/#organization"},"potentialAction":[{"@type":"SearchAction","target":{"@type":"EntryPoint","urlTemplate":"https:\/\/www.gensdatapro.nl\/ngvgdp\/?s={search_term_string}"},"query-input":{"@type":"PropertyValueSpecification","valueRequired":true,"valueName":"search_term_string"}}],"inLanguage":"nl-NL"},{"@type":"Organization","@id":"https:\/\/www.gensdatapro.nl\/ngvgdp\/#organization","name":"NGV GensDataPro","url":"https:\/\/www.gensdatapro.nl\/ngvgdp\/","logo":{"@type":"ImageObject","inLanguage":"nl-NL","@id":"https:\/\/www.gensdatapro.nl\/ngvgdp\/#\/schema\/logo\/image\/","url":"https:\/\/www.gensdatapro.nl\/ngvgdp\/wp-content\/uploads\/\/2022\/03\/logo-1024x541-1-e1662650397792.png","contentUrl":"https:\/\/www.gensdatapro.nl\/ngvgdp\/wp-content\/uploads\/\/2022\/03\/logo-1024x541-1-e1662650397792.png","width":512,"height":271,"caption":"NGV GensDataPro"},"image":{"@id":"https:\/\/www.gensdatapro.nl\/ngvgdp\/#\/schema\/logo\/image\/"}}]}},"_links":{"self":[{"href":"https:\/\/www.gensdatapro.nl\/ngvgdp\/wp-json\/wp\/v2\/pages\/1733","targetHints":{"allow":["GET"]}}],"collection":[{"href":"https:\/\/www.gensdatapro.nl\/ngvgdp\/wp-json\/wp\/v2\/pages"}],"about":[{"href":"https:\/\/www.gensdatapro.nl\/ngvgdp\/wp-json\/wp\/v2\/types\/page"}],"author":[{"embeddable":true,"href":"https:\/\/www.gensdatapro.nl\/ngvgdp\/wp-json\/wp\/v2\/users\/3"}],"replies":[{"embeddable":true,"href":"https:\/\/www.gensdatapro.nl\/ngvgdp\/wp-json\/wp\/v2\/comments?post=1733"}],"version-history":[{"count":2,"href":"https:\/\/www.gensdatapro.nl\/ngvgdp\/wp-json\/wp\/v2\/pages\/1733\/revisions"}],"predecessor-version":[{"id":1737,"href":"https:\/\/www.gensdatapro.nl\/ngvgdp\/wp-json\/wp\/v2\/pages\/1733\/revisions\/1737"}],"up":[{"embeddable":true,"href":"https:\/\/www.gensdatapro.nl\/ngvgdp\/wp-json\/wp\/v2\/pages\/274"}],"wp:attachment":[{"href":"https:\/\/www.gensdatapro.nl\/ngvgdp\/wp-json\/wp\/v2\/media?parent=1733"}],"curies":[{"name":"wp","href":"https:\/\/api.w.org\/{rel}","templated":true}]}}